{"id":2,"date":"2022-09-30T19:34:57","date_gmt":"2022-09-30T22:34:57","guid":{"rendered":"https:\/\/www.pivetta.com.br\/casafamiliapivetta\/?page_id=2"},"modified":"2024-02-21T17:55:20","modified_gmt":"2024-02-21T20:55:20","slug":"casa-familia-pivetta-vale-veneto-rs","status":"publish","type":"page","link":"https:\/\/www.pivetta.com.br\/casafamiliapivetta\/","title":{"rendered":"Casa Fam\u00edlia Pivetta &#8211; Vale V\u00eaneto &#8211; RS"},"content":{"rendered":"<p>[et_pb_section fb_built=&#8221;1&#8243; _builder_version=&#8221;4.18.0&#8243; _module_preset=&#8221;default&#8221; background_color=&#8221;#8d323d&#8221; background_enable_image=&#8221;off&#8221; background_size=&#8221;custom&#8221; background_image_width=&#8221;26%&#8221; background_position=&#8221;top_left&#8221; min_height=&#8221;100vh&#8221; custom_margin=&#8221;0px||||false|false&#8221; custom_padding=&#8221;0px||||false|false&#8221; hover_enabled=&#8221;0&#8243; global_colors_info=&#8221;{}&#8221; sticky_enabled=&#8221;0&#8243;][et_pb_row custom_padding_last_edited=&#8221;on|phone&#8221; _builder_version=&#8221;4.18.0&#8243; _module_preset=&#8221;default&#8221; background_enable_image=&#8221;off&#8221; background_size=&#8221;custom&#8221; background_image_width=&#8221;29%&#8221; background_position=&#8221;top_left&#8221; background_horizontal_offset=&#8221;-3%&#8221; background_vertical_offset=&#8221;18%&#8221; positioning=&#8221;none&#8221; z_index=&#8221;387&#8243; width=&#8221;85%&#8221; max_width=&#8221;100%&#8221; custom_padding=&#8221;||||false|false&#8221; custom_padding_tablet=&#8221;|40px|||false|false&#8221; custom_padding_phone=&#8221;|0px|20px||false|false&#8221; global_colors_info=&#8221;{}&#8221;][et_pb_column type=&#8221;4_4&#8243; _builder_version=&#8221;4.18.0&#8243; _module_preset=&#8221;default&#8221; global_colors_info=&#8221;{}&#8221;][et_pb_image src=&#8221;https:\/\/www.pivetta.com.br\/casafamiliapivetta\/wp-content\/uploads\/2022\/10\/logo-casa-familia-pivetta.png&#8221; title_text=&#8221;logo-casa-familia-pivetta&#8221; _builder_version=&#8221;4.18.0&#8243; _module_preset=&#8221;default&#8221; custom_padding=&#8221;||||false|false&#8221; custom_padding_tablet=&#8221;|||5%|false|false&#8221; custom_padding_phone=&#8221;|5%||5%|false|false&#8221; custom_padding_last_edited=&#8221;off|tablet&#8221; hover_enabled=&#8221;0&#8243; global_colors_info=&#8221;{}&#8221; sticky_enabled=&#8221;0&#8243;][\/et_pb_image][\/et_pb_column][\/et_pb_row][et_pb_row custom_padding_last_edited=&#8221;on|phone&#8221; _builder_version=&#8221;4.18.0&#8243; _module_preset=&#8221;default&#8221; positioning=&#8221;none&#8221; z_index=&#8221;0&#8243; width=&#8221;100%&#8221; max_width=&#8221;100%&#8221; custom_margin=&#8221;0px||0px||false|false&#8221; custom_padding=&#8221;0px||0px||false|false&#8221; custom_padding_tablet=&#8221;0px||0px||false|false&#8221; custom_padding_phone=&#8221;||25px||false|false&#8221; global_colors_info=&#8221;{}&#8221;][et_pb_column type=&#8221;4_4&#8243; _builder_version=&#8221;4.18.0&#8243; _module_preset=&#8221;default&#8221; global_colors_info=&#8221;{}&#8221;][et_pb_image src=&#8221;https:\/\/www.pivetta.com.br\/casafamiliapivetta\/wp-content\/uploads\/2022\/10\/casa-bg-1.jpg&#8221; title_text=&#8221;casa-bg&#8221; force_fullwidth=&#8221;on&#8221; _builder_version=&#8221;4.18.0&#8243; _module_preset=&#8221;default&#8221; z_index=&#8221;-500&#8243; global_colors_info=&#8221;{}&#8221;][\/et_pb_image][\/et_pb_column][\/et_pb_row][et_pb_row column_structure=&#8221;1_3,2_3&#8243; _builder_version=&#8221;4.18.0&#8243; _module_preset=&#8221;default&#8221; width=&#8221;85%&#8221; max_width=&#8221;100%&#8221; custom_margin=&#8221;||||false|false&#8221; custom_margin_tablet=&#8221;0vh||||false|false&#8221; custom_margin_phone=&#8221;0vh||||false|false&#8221; custom_margin_last_edited=&#8221;off|desktop&#8221; custom_padding=&#8221;0px||||false|false&#8221; global_colors_info=&#8221;{}&#8221;][et_pb_column type=&#8221;1_3&#8243; _builder_version=&#8221;4.18.0&#8243; _module_preset=&#8221;default&#8221; global_colors_info=&#8221;{}&#8221;][et_pb_text _builder_version=&#8221;4.18.0&#8243; _module_preset=&#8221;default&#8221; text_text_color=&#8221;#FFFFFF&#8221; text_font_size=&#8221;16px&#8221; text_line_height=&#8221;1.6em&#8221; custom_margin=&#8221;||||false|false&#8221; custom_margin_tablet=&#8221;30px||||false|false&#8221; custom_margin_phone=&#8221;0vh||||false|false&#8221; custom_margin_last_edited=&#8221;on|phone&#8221; global_colors_info=&#8221;{}&#8221;]<\/p>\n<p>Em 1893 o imigrante Italiano Angelo Pivetta constr\u00f3i a resid\u00eancia da fam\u00edlia na localidade da Linha 1 em Vale V\u00eaneto, atualmente distrito de S\u00e3o Jo\u00e3o do Pol\u00easine &#8211; RS.<\/p>\n<p>A casa era no formato retangular com dois pavimentos, caracter\u00edstica das casas de imigrantes Italianos da regi\u00e3o.<\/p>\n<p>O m\u00e9todo construtivo utilizado foi a alvenaria de pedra, t\u00e9cnica confeccionada com pedras, encontradas no local, aglutinadas entre si por meio de uma argamassa, que na \u00e9poca, foi utilizado o barro para esta fun\u00e7\u00e3o.<\/p>\n<p>[\/et_pb_text][\/et_pb_column][et_pb_column type=&#8221;2_3&#8243; _builder_version=&#8221;4.18.0&#8243; _module_preset=&#8221;default&#8221; global_colors_info=&#8221;{}&#8221;][et_pb_image src=&#8221;https:\/\/www.pivetta.com.br\/casafamiliapivetta\/wp-content\/uploads\/2022\/09\/Casa-Angelo-Pivetta-1.jpg&#8221; title_text=&#8221;Casa-Angelo-Pivetta-1&#8243; show_in_lightbox=&#8221;on&#8221; show_bottom_space=&#8221;off&#8221; _builder_version=&#8221;4.18.0&#8243; _module_preset=&#8221;default&#8221; custom_margin=&#8221;-100px||||false|false&#8221; custom_margin_tablet=&#8221;0px||0px||false|false&#8221; custom_margin_phone=&#8221;0px||0px||false|false&#8221; custom_margin_last_edited=&#8221;on|phone&#8221; box_shadow_style=&#8221;preset2&#8243; global_colors_info=&#8221;{}&#8221;][\/et_pb_image][et_pb_text _builder_version=&#8221;4.18.0&#8243; _module_preset=&#8221;default&#8221; text_text_color=&#8221;#FFFFFF&#8221; text_font_size=&#8221;13px&#8221; text_line_height=&#8221;1.4em&#8221; background_color=&#8221;#000000&#8243; custom_padding=&#8221;15px|15px|15px|15px|false|false&#8221; global_colors_info=&#8221;{}&#8221;]<\/p>\n<p>Todas as imagens da casa foram cedidas pelo Arquiteto J\u00falio Posenato. Foto: Irene Santos. Ano: 1979.<\/p>\n<p>[\/et_pb_text][\/et_pb_column][\/et_pb_row][\/et_pb_section][et_pb_section fb_built=&#8221;1&#8243; fullwidth=&#8221;on&#8221; _builder_version=&#8221;4.18.0&#8243; _module_preset=&#8221;default&#8221; global_colors_info=&#8221;{}&#8221;][et_pb_fullwidth_image src=&#8221;https:\/\/www.pivetta.com.br\/casafamiliapivetta\/wp-content\/uploads\/2022\/09\/Casa-Angelo-Pivetta-2.jpg&#8221; title_text=&#8221;Casa-Angelo-Pivetta-2&#8243; _builder_version=&#8221;4.18.0&#8243; _module_preset=&#8221;default&#8221; global_colors_info=&#8221;{}&#8221;][\/et_pb_fullwidth_image][\/et_pb_section][et_pb_section fb_built=&#8221;1&#8243; _builder_version=&#8221;4.18.0&#8243; _module_preset=&#8221;default&#8221; background_color=&#8221;#d4d1c7&#8243; global_colors_info=&#8221;{}&#8221;][et_pb_row column_structure=&#8221;2_5,3_5&#8243; _builder_version=&#8221;4.18.0&#8243; _module_preset=&#8221;default&#8221; max_width=&#8221;100%&#8221; custom_margin=&#8221;0px||||false|false&#8221; custom_padding=&#8221;0px||||false|false&#8221; global_colors_info=&#8221;{}&#8221;][et_pb_column type=&#8221;2_5&#8243; _builder_version=&#8221;4.18.0&#8243; _module_preset=&#8221;default&#8221; global_colors_info=&#8221;{}&#8221;][et_pb_text _builder_version=&#8221;4.18.0&#8243; _module_preset=&#8221;default&#8221; text_text_color=&#8221;#000000&#8243; text_font_size=&#8221;16px&#8221; text_line_height=&#8221;1.8em&#8221; global_colors_info=&#8221;{}&#8221;]<\/p>\n<p>Segundo relatos das mem\u00f3rias dos bisnetos de Angelo Pivetta, a casa era onde passavam as f\u00e9rias escolares e aconteciam as festas de final de ano da fam\u00edlia.<\/p>\n<p>Existe a lembran\u00e7a de irem para l\u00e1 moer cana, pois na \u00e1rea externa da casa, em frente a fachada sul, havia um engenho de tra\u00e7\u00e3o animal para moagem.<\/p>\n<p>Nesta \u00e1rea ainda existe um tanque onde os animais bebiam \u00e1gua e as crian\u00e7as brincavam nos dias quentes.<\/p>\n<p>[\/et_pb_text][\/et_pb_column][et_pb_column type=&#8221;3_5&#8243; _builder_version=&#8221;4.18.0&#8243; _module_preset=&#8221;default&#8221; global_colors_info=&#8221;{}&#8221;][et_pb_image src=&#8221;https:\/\/www.pivetta.com.br\/casafamiliapivetta\/wp-content\/uploads\/2022\/09\/Casa-Angelo-Pivetta-3.jpg&#8221; title_text=&#8221;Casa-Angelo-Pivetta-3&#8243; show_in_lightbox=&#8221;on&#8221; _builder_version=&#8221;4.18.0&#8243; _module_preset=&#8221;default&#8221; box_shadow_style=&#8221;preset2&#8243; global_colors_info=&#8221;{}&#8221;][\/et_pb_image][\/et_pb_column][\/et_pb_row][\/et_pb_section][et_pb_section fb_built=&#8221;1&#8243; _builder_version=&#8221;4.18.0&#8243; _module_preset=&#8221;default&#8221; custom_margin=&#8221;0px||0px||false|false&#8221; custom_padding=&#8221;0px||0px||false|false&#8221; global_colors_info=&#8221;{}&#8221;][et_pb_row column_structure=&#8221;2_3,1_3&#8243; use_custom_gutter=&#8221;on&#8221; gutter_width=&#8221;1&#8243; make_equal=&#8221;on&#8221; _builder_version=&#8221;4.18.0&#8243; _module_preset=&#8221;default&#8221; width=&#8221;100%&#8221; max_width=&#8221;100%&#8221; custom_margin=&#8221;0px||||false|false&#8221; custom_padding=&#8221;0px||0px||false|false&#8221; global_colors_info=&#8221;{}&#8221;][et_pb_column type=&#8221;2_3&#8243; _builder_version=&#8221;4.18.0&#8243; _module_preset=&#8221;default&#8221; global_colors_info=&#8221;{}&#8221;][et_pb_gallery gallery_ids=&#8221;131,121,122,123,124,125,126,127,128,129,130&#8243; fullwidth=&#8221;on&#8221; _builder_version=&#8221;4.18.0&#8243; _module_preset=&#8221;default&#8221; pagination_text_color=&#8221;#FFFFFF&#8221; auto=&#8221;on&#8221; auto_speed=&#8221;4000&#8243; global_colors_info=&#8221;{}&#8221;][\/et_pb_gallery][\/et_pb_column][et_pb_column type=&#8221;1_3&#8243; _builder_version=&#8221;4.18.0&#8243; _module_preset=&#8221;default&#8221; background_color=&#8221;#8d323d&#8221; global_colors_info=&#8221;{}&#8221;][et_pb_text _builder_version=&#8221;4.18.0&#8243; _module_preset=&#8221;default&#8221; text_text_color=&#8221;#FFFFFF&#8221; text_font_size=&#8221;16px&#8221; text_line_height=&#8221;1.8em&#8221; custom_margin=&#8221;10%|10%|10%|10%|true|true&#8221; global_colors_info=&#8221;{}&#8221;]<\/p>\n<p>O segundo pavimento da casa, tinha 2 dormit\u00f3rios e o restante do andar, sua grande maioria era utilizada como dep\u00f3sito para armazenamentos e secagem dos gr\u00e3os (milho, feij\u00e3o, amendoim, trigo&#8230;).<\/p>\n<p>O pavimento t\u00e9rreo possuia despensa, 3 dormit\u00f3rios, sala de refei\u00e7\u00f5es e cozinha.<\/p>\n<p>Na despensa era produzido vinho e vinagre, em pipas de madeira, e um alambique para produ\u00e7\u00e3o de cacha\u00e7a.<\/p>\n<p>[\/et_pb_text][\/et_pb_column][\/et_pb_row][et_pb_row column_structure=&#8221;3_5,2_5&#8243; use_custom_gutter=&#8221;on&#8221; gutter_width=&#8221;1&#8243; make_equal=&#8221;on&#8221; _builder_version=&#8221;4.18.0&#8243; _module_preset=&#8221;default&#8221; width=&#8221;100%&#8221; max_width=&#8221;100%&#8221; custom_margin=&#8221;||0px||false|false&#8221; custom_padding=&#8221;0px||0px||false|false&#8221; global_colors_info=&#8221;{}&#8221;][et_pb_column type=&#8221;3_5&#8243; _builder_version=&#8221;4.18.0&#8243; _module_preset=&#8221;default&#8221; background_color=&#8221;#000000&#8243; background_enable_image=&#8221;off&#8221; global_colors_info=&#8221;{}&#8221;][et_pb_image src=&#8221;https:\/\/www.pivetta.com.br\/casafamiliapivetta\/wp-content\/uploads\/2022\/09\/Angelo-Pivetta-1.jpg&#8221; title_text=&#8221;Angelo-Pivetta&#8221; show_in_lightbox=&#8221;on&#8221; force_fullwidth=&#8221;on&#8221; _builder_version=&#8221;4.18.0&#8243; _module_preset=&#8221;default&#8221; global_colors_info=&#8221;{}&#8221;][\/et_pb_image][et_pb_text _builder_version=&#8221;4.18.0&#8243; _module_preset=&#8221;default&#8221; text_text_color=&#8221;#FFFFFF&#8221; text_font_size=&#8221;13px&#8221; text_line_height=&#8221;1.4em&#8221; custom_padding=&#8221;15px|15px|15px|15px|false|false&#8221; global_colors_info=&#8221;{}&#8221;]<\/p>\n<p>Angelo Pivetta em 18 de maio de 1929, junto a um grupo de imigrantes. Comemora\u00e7\u00e3o do cinquenten\u00e1rio da 1 missa rezada em Vale V\u00eaneto (foto: <span>Museu do Imigrante Italiano Eduardo Marcuzzo &#8211; Vale V\u00eaneto)<\/span><\/p>\n<p>[\/et_pb_text][\/et_pb_column][et_pb_column type=&#8221;2_5&#8243; _builder_version=&#8221;4.18.0&#8243; _module_preset=&#8221;default&#8221; background_image=&#8221;https:\/\/www.pivetta.com.br\/casafamiliapivetta\/wp-content\/uploads\/2022\/09\/Casa-Angelo-Pivetta-5.jpg&#8221; custom_padding=&#8221;250px||||false|false&#8221; global_colors_info=&#8221;{}&#8221;][\/et_pb_column][\/et_pb_row][et_pb_row column_structure=&#8221;1_2,1_2&#8243; use_custom_gutter=&#8221;on&#8221; gutter_width=&#8221;1&#8243; make_equal=&#8221;on&#8221; _builder_version=&#8221;4.18.0&#8243; _module_preset=&#8221;default&#8221; background_color=&#8221;#d4d1c7&#8243; width=&#8221;100%&#8221; max_width=&#8221;100%&#8221; custom_margin=&#8221;||||false|false&#8221; custom_padding=&#8221;0px||0px||false|false&#8221; global_colors_info=&#8221;{}&#8221;][et_pb_column type=&#8221;1_2&#8243; _builder_version=&#8221;4.18.0&#8243; _module_preset=&#8221;default&#8221; background_color=&#8221;#d4d1c7&#8243; background_enable_image=&#8221;off&#8221; global_colors_info=&#8221;{}&#8221;][et_pb_image src=&#8221;https:\/\/www.pivetta.com.br\/casafamiliapivetta\/wp-content\/uploads\/2022\/10\/Livro-1.jpg&#8221; title_text=&#8221;Livro&#8221; force_fullwidth=&#8221;on&#8221; _builder_version=&#8221;4.18.0&#8243; _module_preset=&#8221;default&#8221; global_colors_info=&#8221;{}&#8221;][\/et_pb_image][et_pb_text _builder_version=&#8221;4.18.0&#8243; _module_preset=&#8221;default&#8221; text_text_color=&#8221;#FFFFFF&#8221; text_font_size=&#8221;13px&#8221; text_line_height=&#8221;1.4em&#8221; background_color=&#8221;#000000&#8243; custom_padding=&#8221;15px|15px|15px|15px|false|false&#8221; global_colors_info=&#8221;{}&#8221;]<\/p>\n<p>Foto do livro de registros da igreja cat\u00f3lica, p\u00e1gina com os nomes de Angelo Pivetta e seu filhos.<\/p>\n<p>[\/et_pb_text][\/et_pb_column][et_pb_column type=&#8221;1_2&#8243; _builder_version=&#8221;4.18.0&#8243; _module_preset=&#8221;default&#8221; global_colors_info=&#8221;{}&#8221;][et_pb_text _builder_version=&#8221;4.18.0&#8243; _module_preset=&#8221;default&#8221; text_text_color=&#8221;#000000&#8243; text_font_size=&#8221;16px&#8221; text_line_height=&#8221;1.6em&#8221; custom_padding=&#8221;8%|8%||8%|false|false&#8221; global_colors_info=&#8221;{}&#8221;]<\/p>\n<p>Angelo Pivetta, nasceu em 06\/01\/1851 em Piavon, prov\u00edncia de Treviso &#8211; It\u00e1lia, casou a 15\/11\/1874 em Chiarano, prov\u00edncia de Treviso &#8211; It\u00e1lia, com Luigia Stefanello, nascida en 11\/01\/1850 em Gorgo al Monticano, prov\u00edncia de Treviso &#8211; It\u00e1lia. \u00c2ngelo Pivetta faleceu a 19\/08\/1929 e Luigia faleceu a 30\/08\/1922, ambos em Vale V\u00eaneto.<\/p>\n<p>Tiveram 6 filhos: Enrico Pivetta,\u00a0 Josefina Pivetta, Maria Pivetta, Jos\u00e9 Pivetta, Jo\u00e3o Batista Pivetta, Regina Joana Pivetta.<\/p>\n<p>[\/et_pb_text][et_pb_button button_url=&#8221;https:\/\/www.pivetta.com.br\/casafamiliapivetta\/wp-content\/uploads\/2022\/10\/Angelo-Pivetta-Genealogia.pdf&#8221; url_new_window=&#8221;on&#8221; button_text=&#8221;PDF &#8211; Genealogia da fam\u00edlia&#8221; _builder_version=&#8221;4.18.0&#8243; _module_preset=&#8221;default&#8221; custom_button=&#8221;on&#8221; button_text_size=&#8221;16px&#8221; button_text_color=&#8221;#000000&#8243; button_font=&#8221;|||on|||||&#8221; custom_margin=&#8221;30px||8%|8%|false|false&#8221; global_colors_info=&#8221;{}&#8221; button_text_color__hover_enabled=&#8221;on|hover&#8221; button_text_color__hover=&#8221;#8d323d&#8221;][\/et_pb_button][\/et_pb_column][\/et_pb_row][et_pb_row column_structure=&#8221;3_5,2_5&#8243; use_custom_gutter=&#8221;on&#8221; gutter_width=&#8221;1&#8243; make_equal=&#8221;on&#8221; _builder_version=&#8221;4.18.0&#8243; _module_preset=&#8221;default&#8221; background_color=&#8221;#8d323d&#8221; width=&#8221;100%&#8221; max_width=&#8221;100%&#8221; custom_margin=&#8221;||0px||false|false&#8221; custom_padding=&#8221;0px||0px||false|false&#8221; global_colors_info=&#8221;{}&#8221;][et_pb_column type=&#8221;3_5&#8243; _builder_version=&#8221;4.18.0&#8243; _module_preset=&#8221;default&#8221; background_enable_color=&#8221;off&#8221; background_enable_image=&#8221;off&#8221; global_colors_info=&#8221;{}&#8221;][et_pb_gallery gallery_ids=&#8221;60,63,62,61&#8243; fullwidth=&#8221;on&#8221; _builder_version=&#8221;4.18.0&#8243; _module_preset=&#8221;default&#8221; auto=&#8221;on&#8221; auto_speed=&#8221;5000&#8243; global_colors_info=&#8221;{}&#8221;][\/et_pb_gallery][et_pb_text _builder_version=&#8221;4.18.0&#8243; _module_preset=&#8221;default&#8221; text_text_color=&#8221;#FFFFFF&#8221; text_font_size=&#8221;13px&#8221; text_line_height=&#8221;1.4em&#8221; background_color=&#8221;#000000&#8243; custom_padding=&#8221;15px|15px|15px|15px|false|false&#8221; global_colors_info=&#8221;{}&#8221;]<\/p>\n<p>Fotos de 2022, ru\u00ednas da casa.<\/p>\n<p>[\/et_pb_text][\/et_pb_column][et_pb_column type=&#8221;2_5&#8243; _builder_version=&#8221;4.18.0&#8243; _module_preset=&#8221;default&#8221; global_colors_info=&#8221;{}&#8221;][et_pb_text _builder_version=&#8221;4.18.0&#8243; _module_preset=&#8221;default&#8221; text_text_color=&#8221;#FFFFFF&#8221; text_font_size=&#8221;16px&#8221; custom_padding=&#8221;8%|8%|8%|8%|false|false&#8221; global_colors_info=&#8221;{}&#8221;]<\/p>\n<p>A casa foi ocupada at\u00e9 1971, quando ap\u00f3s o falecimento da sua esposa, o filho mais novo de Angelo Pivetta, Jo\u00e3o Batista, com 84 anos, se mudou com 2 filhas, que moravam com ele, para a parte mais urbanizada de Vale V\u00eaneto.<\/p>\n<p>Infelizmente a casa n\u00e3o resistiu ao tempo, sem manuten\u00e7\u00e3o, o telhado foi afetado por intemp\u00e9ries, o barro das paredes n\u00e3o suportou as infiltra\u00e7\u00f5es e a casa aos poucos foi ruindo.<\/p>\n<p>Suas madeiras de lei, serradas a m\u00e3o, foram retiradas e usadas em outras obras ou mesmo para lenha, restanto apenas ru\u00ednas.<\/p>\n<p>[\/et_pb_text][\/et_pb_column][\/et_pb_row][\/et_pb_section][et_pb_section fb_built=&#8221;1&#8243; fullwidth=&#8221;on&#8221; _builder_version=&#8221;4.18.0&#8243; _module_preset=&#8221;default&#8221; custom_margin=&#8221;||0px||false|false&#8221; custom_padding=&#8221;||0px||false|false&#8221; global_colors_info=&#8221;{}&#8221;][et_pb_fullwidth_image src=&#8221;https:\/\/www.pivetta.com.br\/casafamiliapivetta\/wp-content\/uploads\/2022\/10\/Casa-Angelo-Pivetta-6.jpg&#8221; title_text=&#8221;Casa-Angelo-Pivetta-6&#8243; _builder_version=&#8221;4.18.0&#8243; _module_preset=&#8221;default&#8221; global_colors_info=&#8221;{}&#8221;][\/et_pb_fullwidth_image][\/et_pb_section][et_pb_section fb_built=&#8221;1&#8243; _builder_version=&#8221;4.18.0&#8243; _module_preset=&#8221;default&#8221; background_color=&#8221;#8d323d&#8221; global_colors_info=&#8221;{}&#8221;][et_pb_row _builder_version=&#8221;4.18.0&#8243; _module_preset=&#8221;default&#8221; global_colors_info=&#8221;{}&#8221;][et_pb_column type=&#8221;4_4&#8243; _builder_version=&#8221;4.18.0&#8243; _module_preset=&#8221;default&#8221; global_colors_info=&#8221;{}&#8221;][et_pb_text _builder_version=&#8221;4.18.0&#8243; _module_preset=&#8221;default&#8221; text_text_color=&#8221;#FFFFFF&#8221; text_font_size=&#8221;16px&#8221; header_2_font=&#8221;||||||||&#8221; header_2_text_color=&#8221;#FFFFFF&#8221; header_2_font_size=&#8221;20px&#8221; hover_enabled=&#8221;0&#8243; global_colors_info=&#8221;{}&#8221; sticky_enabled=&#8221;0&#8243;]<\/p>\n<h2>Agradecimentos:<\/h2>\n<p>Os registros fot\u00f3graficos da casa foram feitos em 1979, por Irene de Figueiredo Santos, para o livro &#8211; Assim vivem os italianos 4 Arquitetura da Imigra\u00e7\u00e3o Italiana no Rio Grande do Sul do Arquiteto J\u00falio Posenato. Nosso agradecimento especial ao Sr. J\u00falio Posenato.<\/p>\n<p>Agradecemos tamb\u00e9m a fam\u00edlia Pivetta, filhos de Lino Pivetta, bisnetos de Angelo Pivetta que contaram suas lembran\u00e7as e viv\u00eancias na casa.<\/p>\n<p>&nbsp;<\/p>\n<p>[\/et_pb_text][\/et_pb_column][\/et_pb_row][\/et_pb_section]<\/p>\n","protected":false},"excerpt":{"rendered":"<p>Em 1893 o imigrante Italiano Angelo Pivetta constr\u00f3i a resid\u00eancia da fam\u00edlia na localidade da Linha 1 em Vale V\u00eaneto, atualmente distrito de S\u00e3o Jo\u00e3o do Pol\u00easine &#8211; RS. A casa era no formato retangular com dois pavimentos, caracter\u00edstica das casas de imigrantes Italianos da regi\u00e3o. O m\u00e9todo construtivo utilizado foi a alvenaria de pedra, [&hellip;]<\/p>\n","protected":false},"author":1,"featured_media":0,"parent":0,"menu_order":0,"comment_status":"closed","ping_status":"closed","template":"page-template-blank.php","meta":{"_et_pb_use_builder":"on","_et_pb_old_content":"<!-- wp:paragraph -->\n<p>Esta \u00e9 uma p\u00e1gina de exemplo. \u00c9 diferente de um post no blog porque ela permanecer\u00e1 em um lugar e aparecer\u00e1 na navega\u00e7\u00e3o do seu site na maioria dos temas. Muitas pessoas come\u00e7am com uma p\u00e1gina que as apresenta a poss\u00edveis visitantes do site. Ela pode dizer algo assim:<\/p>\n<!-- \/wp:paragraph -->\n\n<!-- wp:quote -->\n<blockquote class=\"wp-block-quote\"><p>Ol\u00e1! Eu sou um mensageiro de bicicleta durante o dia, ator aspirante \u00e0 noite, e este \u00e9 o meu site. Eu moro em S\u00e3o Paulo, tenho um grande cachorro chamado Rex e gosto de tomar caipirinha (e banhos de chuva).<\/p><\/blockquote>\n<!-- \/wp:quote -->\n\n<!-- wp:paragraph -->\n<p>...ou alguma coisa assim:<\/p>\n<!-- \/wp:paragraph -->\n\n<!-- wp:quote -->\n<blockquote class=\"wp-block-quote\"><p>A Companhia de Miniaturas XYZ foi fundada em 1971, e desde ent\u00e3o tem fornecido miniaturas de qualidade ao p\u00fablico. Localizada na cidade de Itu, a XYZ emprega mais de 2.000 pessoas e faz coisas grandiosas para a comunidade da cidade.<\/p><\/blockquote>\n<!-- \/wp:quote -->\n\n<!-- wp:paragraph -->\n<p>Como um novo usu\u00e1rio do WordPress, voc\u00ea deveria ir ao <a href=\"https:\/\/www.pivetta.com.br\/casafamiliapivetta\/wp-admin\/\">painel<\/a> para excluir essa p\u00e1gina e criar novas p\u00e1ginas para o seu conte\u00fado. Divirta-se!<\/p>\n<!-- \/wp:paragraph -->","_et_gb_content_width":""},"_links":{"self":[{"href":"https:\/\/www.pivetta.com.br\/casafamiliapivetta\/wp-json\/wp\/v2\/pages\/2"}],"collection":[{"href":"https:\/\/www.pivetta.com.br\/casafamiliapivetta\/wp-json\/wp\/v2\/pages"}],"about":[{"href":"https:\/\/www.pivetta.com.br\/casafamiliapivetta\/wp-json\/wp\/v2\/types\/page"}],"author":[{"embeddable":true,"href":"https:\/\/www.pivetta.com.br\/casafamiliapivetta\/wp-json\/wp\/v2\/users\/1"}],"replies":[{"embeddable":true,"href":"https:\/\/www.pivetta.com.br\/casafamiliapivetta\/wp-json\/wp\/v2\/comments?post=2"}],"version-history":[{"count":40,"href":"https:\/\/www.pivetta.com.br\/casafamiliapivetta\/wp-json\/wp\/v2\/pages\/2\/revisions"}],"predecessor-version":[{"id":138,"href":"https:\/\/www.pivetta.com.br\/casafamiliapivetta\/wp-json\/wp\/v2\/pages\/2\/revisions\/138"}],"wp:attachment":[{"href":"https:\/\/www.pivetta.com.br\/casafamiliapivetta\/wp-json\/wp\/v2\/media?parent=2"}],"curies":[{"name":"wp","href":"https:\/\/api.w.org\/{rel}","templated":true}]}}